{"id":104,"date":"2014-02-21T12:08:06","date_gmt":"2014-02-21T12:08:06","guid":{"rendered":"http:\/\/wordpress-438697-1703367.cloudwaysapps.com\/?page_id=104"},"modified":"2014-03-04T10:26:56","modified_gmt":"2014-03-04T10:26:56","slug":"lovacki-turizam","status":"publish","type":"page","link":"https:\/\/villalika.com\/?page_id=104","title":{"rendered":"Lov"},"content":{"rendered":"<p>Lovni turizam u Hrvatskoj ima dugu tradiciju sa\u00a01.060 lovi\u0161ta na 5,2 milijuna ha od \u010dega:<\/p>\n<p>\u2022 746 zajedni\u010dkih lovi\u0161ta s 3,5 mil ha<br \/>\n\u2022 314 dr\u017eavnih lovi\u0161ta s 1,7 mil ha<\/p>\n<p>Villa Lika nalazi se na granici dva lovi\u0161ta &#8211; Donji Lapac i Karlovi\u0107eva korita. Mogu\u0107 je odstrel divljih svinja, \u0161tuka, srnadi, medvjeda i jelena.<\/p>\n<p><a href=\"https:\/\/villalika.com\/wp-content\/uploads\/2014\/02\/mapa.jpg\"><img loading=\"lazy\" class=\"aligncenter size-full wp-image-327\" alt=\"mapa\" src=\"https:\/\/villalika.com\/wp-content\/uploads\/2014\/02\/mapa.jpg\" width=\"1002\" height=\"539\" srcset=\"https:\/\/villalika.com\/wp-content\/uploads\/2014\/02\/mapa.jpg 1002w, https:\/\/villalika.com\/wp-content\/uploads\/2014\/02\/mapa-300x161.jpg 300w\" sizes=\"(max-width: 1002px) 100vw, 1002px\" \/><\/a><\/p>\n","protected":false},"excerpt":{"rendered":"<p>Lovni turizam u Hrvatskoj ima dugu tradiciju sa\u00a01.060 lovi\u0161ta na 5,2 milijuna ha od \u010dega: \u2022 746 zajedni\u010dkih lovi\u0161ta s 3,5 mil ha \u2022 314 dr\u017eavnih lovi\u0161ta s 1,7 mil ha Villa Lika nalazi se na granici dva lovi\u0161ta &#8211; &hellip; <a href=\"https:\/\/villalika.com\/?page_id=104\">Continue reading <span class=\"meta-nav\">&rarr;<\/span><\/a><\/p>\n","protected":false},"author":1,"featured_media":0,"parent":0,"menu_order":0,"comment_status":"closed","ping_status":"closed","template":"onecolumn-page.php","meta":[],"_links":{"self":[{"href":"https:\/\/villalika.com\/index.php?rest_route=\/wp\/v2\/pages\/104"}],"collection":[{"href":"https:\/\/villalika.com\/index.php?rest_route=\/wp\/v2\/pages"}],"about":[{"href":"https:\/\/villalika.com\/index.php?rest_route=\/wp\/v2\/types\/page"}],"author":[{"embeddable":true,"href":"https:\/\/villalika.com\/index.php?rest_route=\/wp\/v2\/users\/1"}],"replies":[{"embeddable":true,"href":"https:\/\/villalika.com\/index.php?rest_route=%2Fwp%2Fv2%2Fcomments&post=104"}],"version-history":[{"count":5,"href":"https:\/\/villalika.com\/index.php?rest_route=\/wp\/v2\/pages\/104\/revisions"}],"predecessor-version":[{"id":331,"href":"https:\/\/villalika.com\/index.php?rest_route=\/wp\/v2\/pages\/104\/revisions\/331"}],"wp:attachment":[{"href":"https:\/\/villalika.com\/index.php?rest_route=%2Fwp%2Fv2%2Fmedia&parent=104"}],"curies":[{"name":"wp","href":"https:\/\/api.w.org\/{rel}","templated":true}]}}