{"id":255,"date":"2014-02-25T08:28:03","date_gmt":"2014-02-25T08:28:03","guid":{"rendered":"http:\/\/wordpress-438697-1703367.cloudwaysapps.com\/?page_id=255"},"modified":"2014-02-25T12:22:59","modified_gmt":"2014-02-25T12:22:59","slug":"smjestaj","status":"publish","type":"page","link":"https:\/\/villalika.com\/?page_id=255","title":{"rendered":"Smjestaj"},"content":{"rendered":"<p style=\"text-align: left;\">\u00a0 \u00a0 \u00a0 \u00a0 \u00a0 \u00a0 \u00a0 \u00a0 \u00a0 \u00a0 \u00a0 \u00a0 \u00a0 \u00a0 \u00a0 \u00a0 \u00a0\u00a0<a href=\"https:\/\/villalika.com\/wp-content\/uploads\/2014\/02\/spavaca21.jpg\"><img loading=\"lazy\" class=\"alignnone  wp-image-243\" alt=\"spavaca2\" src=\"https:\/\/villalika.com\/wp-content\/uploads\/2014\/02\/spavaca21-300x200.jpg\" width=\"300\" height=\"200\" srcset=\"https:\/\/villalika.com\/wp-content\/uploads\/2014\/02\/spavaca21-300x200.jpg 300w, https:\/\/villalika.com\/wp-content\/uploads\/2014\/02\/spavaca21-1024x685.jpg 1024w, https:\/\/villalika.com\/wp-content\/uploads\/2014\/02\/spavaca21.jpg 1936w\" sizes=\"(max-width: 300px) 100vw, 300px\" \/><\/a> <a href=\"https:\/\/villalika.com\/wp-content\/uploads\/2014\/02\/spavaca1.jpg\"><img loading=\"lazy\" class=\"alignnone  wp-image-242\" alt=\"spavaca\" src=\"https:\/\/villalika.com\/wp-content\/uploads\/2014\/02\/spavaca1-300x200.jpg\" width=\"300\" height=\"200\" srcset=\"https:\/\/villalika.com\/wp-content\/uploads\/2014\/02\/spavaca1-300x200.jpg 300w, https:\/\/villalika.com\/wp-content\/uploads\/2014\/02\/spavaca1-1024x685.jpg 1024w, https:\/\/villalika.com\/wp-content\/uploads\/2014\/02\/spavaca1.jpg 1936w\" sizes=\"(max-width: 300px) 100vw, 300px\" \/><\/a><\/p>\n<p style=\"text-align: left;\">Rekonsturirana stara li\u010dka ku\u0107a povr\u0161ine 120 metara kvadratnih na posjedu od 17 500 metara kvadratnih, nalazi se na osami pod obroncima li\u010dke Plje\u0161evice na nadmorskoj visini od 667 metara. Do ku\u0107e vodi makadamski put dug dva kilometra od glavne ceste Zagreb &#8211; Donji Lapac.<\/p>\n<p style=\"text-align: left;\">Pogled iz ku\u0107e pru\u017ea se na obronke Plje\u0161evice i prekrasan krajolik zelenih \u0161uma. Malo jezero sa ribnjakom sastavni je dio posjeda.<\/p>\n<p style=\"text-align: left;\">Ku\u0107a nudi u suterenu veliki dnevni boravak sam blagovanjem, kuhinjom, kupaonicom i jednom spava\u0107om sobom. U boravku se tako\u0111er nalazi kamin idealan za tople ve\u010deri u hladnoj zimskoj no\u0107i.\u00a0Potkrovlje je osmi\u0161ljeno kao spavaonica sa kupaonicom i le\u017eajevima za 7 osoba.<\/p>\n<p style=\"text-align: left;\">Sve prostorije opremljene su sa svim potrebnim namje\u0161tajem i ku\u010dnim aparatima. Grijanje ku\u0107e je pomo\u0107u elektroradijatora i kamina u dnevnom boravku.<\/p>\n<p style=\"text-align: left;\">Vanjski prostor ku\u0107e obuhva\u0107a terasu sa nadstrije\u0161nicom i kamenim ro\u0161tiljem, te kamenim stolom za 18 osoba.<\/p>\n","protected":false},"excerpt":{"rendered":"<p>\u00a0 \u00a0 \u00a0 \u00a0 \u00a0 \u00a0 \u00a0 \u00a0 \u00a0 \u00a0 \u00a0 \u00a0 \u00a0 \u00a0 \u00a0 \u00a0 \u00a0\u00a0 Rekonsturirana stara li\u010dka ku\u0107a povr\u0161ine 120 metara kvadratnih na posjedu od 17 500 metara kvadratnih, nalazi se na osami pod obroncima li\u010dke Plje\u0161evice &hellip; <a href=\"https:\/\/villalika.com\/?page_id=255\">Continue reading <span class=\"meta-nav\">&rarr;<\/span><\/a><\/p>\n","protected":false},"author":1,"featured_media":0,"parent":0,"menu_order":0,"comment_status":"closed","ping_status":"closed","template":"onecolumn-page.php","meta":[],"_links":{"self":[{"href":"https:\/\/villalika.com\/index.php?rest_route=\/wp\/v2\/pages\/255"}],"collection":[{"href":"https:\/\/villalika.com\/index.php?rest_route=\/wp\/v2\/pages"}],"about":[{"href":"https:\/\/villalika.com\/index.php?rest_route=\/wp\/v2\/types\/page"}],"author":[{"embeddable":true,"href":"https:\/\/villalika.com\/index.php?rest_route=\/wp\/v2\/users\/1"}],"replies":[{"embeddable":true,"href":"https:\/\/villalika.com\/index.php?rest_route=%2Fwp%2Fv2%2Fcomments&post=255"}],"version-history":[{"count":14,"href":"https:\/\/villalika.com\/index.php?rest_route=\/wp\/v2\/pages\/255\/revisions"}],"predecessor-version":[{"id":292,"href":"https:\/\/villalika.com\/index.php?rest_route=\/wp\/v2\/pages\/255\/revisions\/292"}],"wp:attachment":[{"href":"https:\/\/villalika.com\/index.php?rest_route=%2Fwp%2Fv2%2Fmedia&parent=255"}],"curies":[{"name":"wp","href":"https:\/\/api.w.org\/{rel}","templated":true}]}}