{"id":46,"date":"2014-02-18T14:15:10","date_gmt":"2014-02-18T14:15:10","guid":{"rendered":"http:\/\/wordpress-438697-1703367.cloudwaysapps.com\/?page_id=46"},"modified":"2014-02-25T10:35:32","modified_gmt":"2014-02-25T10:35:32","slug":"galerija-slika","status":"publish","type":"page","link":"https:\/\/villalika.com\/?page_id=46","title":{"rendered":"Galerija slika"},"content":{"rendered":"<pre style=\"font-family: Arial; align: center; font-size: 12px;\"><strong>Vjerujemo kako \u0107e te se i vi zaljubiti u ovaj li\u010dki raj, usprkos tome \u0161to niti jedna fotografija ne mo\u017ee do\u010darati ljepotu prirode u njezinoj zbilji...<\/strong><\/pre>\n\n","protected":false},"excerpt":{"rendered":"<p>Vjerujemo kako \u0107e te se i vi zaljubiti u ovaj li\u010dki raj, usprkos tome \u0161to niti jedna fotografija ne mo\u017ee do\u010darati ljepotu prirode u njezinoj zbilji&#8230;<\/p>\n","protected":false},"author":1,"featured_media":63,"parent":0,"menu_order":0,"comment_status":"closed","ping_status":"closed","template":"onecolumn-page.php","meta":[],"_links":{"self":[{"href":"https:\/\/villalika.com\/index.php?rest_route=\/wp\/v2\/pages\/46"}],"collection":[{"href":"https:\/\/villalika.com\/index.php?rest_route=\/wp\/v2\/pages"}],"about":[{"href":"https:\/\/villalika.com\/index.php?rest_route=\/wp\/v2\/types\/page"}],"author":[{"embeddable":true,"href":"https:\/\/villalika.com\/index.php?rest_route=\/wp\/v2\/users\/1"}],"replies":[{"embeddable":true,"href":"https:\/\/villalika.com\/index.php?rest_route=%2Fwp%2Fv2%2Fcomments&post=46"}],"version-history":[{"count":15,"href":"https:\/\/villalika.com\/index.php?rest_route=\/wp\/v2\/pages\/46\/revisions"}],"predecessor-version":[{"id":278,"href":"https:\/\/villalika.com\/index.php?rest_route=\/wp\/v2\/pages\/46\/revisions\/278"}],"wp:featuredmedia":[{"embeddable":true,"href":"https:\/\/villalika.com\/index.php?rest_route=\/wp\/v2\/media\/63"}],"wp:attachment":[{"href":"https:\/\/villalika.com\/index.php?rest_route=%2Fwp%2Fv2%2Fmedia&parent=46"}],"curies":[{"name":"wp","href":"https:\/\/api.w.org\/{rel}","templated":true}]}}