{"id":7,"date":"2014-02-18T12:39:41","date_gmt":"2014-02-18T12:39:41","guid":{"rendered":"http:\/\/wordpress-438697-1703367.cloudwaysapps.com\/?page_id=7"},"modified":"2014-03-04T09:57:26","modified_gmt":"2014-03-04T09:57:26","slug":"dobrodosli-u-villu-lika","status":"publish","type":"page","link":"https:\/\/villalika.com\/","title":{"rendered":""},"content":{"rendered":"<p style=\"text-align: center;\">Villa Lika idealno je mjesto za odmor u prirodi i bijeg od stresa svakodnevnog \u017eivota. Miris prirode, oslu\u0161kivanje vjetra koji prolazi kroz granje i razgovor ptica, svje\u017e zrak i nebo puno zvijezda je sve ono \u0161to nam nedostaje u na\u0161im gradskim \u017eivotima. Ono \u0161to mo\u017eemo garantirati je da jednom kada do\u0111ete &#8211; uvijek \u0107e te se htjeti vratiti iznova i iznova.<\/p>\n<p><img loading=\"lazy\" class=\"alignnone  wp-image-143\" alt=\"kuca sa strane\" src=\"https:\/\/villalika.com\/wp-content\/uploads\/2014\/02\/kuca-sa-strane-300x200.jpg\" width=\"230\" height=\"160\" \/>\u00a0<img loading=\"lazy\" class=\"alignnone  wp-image-142\" alt=\"okolina\" src=\"https:\/\/villalika.com\/wp-content\/uploads\/2014\/02\/okolina-300x200.jpg\" width=\"230\" height=\"160\" \/>\u00a0<img loading=\"lazy\" class=\"alignnone  wp-image-145\" alt=\"ceka2\" src=\"https:\/\/villalika.com\/wp-content\/uploads\/2014\/02\/ceka2-300x200.jpg\" width=\"230\" height=\"160\" \/>\u00a0<a href=\"https:\/\/villalika.com\/wp-content\/uploads\/2014\/02\/vatra.jpg\"><img loading=\"lazy\" class=\"alignnone  wp-image-147\" alt=\"vatra\" src=\"https:\/\/villalika.com\/wp-content\/uploads\/2014\/02\/vatra-300x200.jpg\" width=\"230\" height=\"160\" \/><\/a>\u00a0<img loading=\"lazy\" class=\"alignnone  wp-image-149\" alt=\"polje2\" src=\"https:\/\/villalika.com\/wp-content\/uploads\/2014\/02\/polje2-300x200.jpg\" width=\"230\" height=\"160\" \/>\u00a0<a href=\"https:\/\/villalika.com\/wp-content\/uploads\/2014\/02\/kuca3.jpg\"><img loading=\"lazy\" class=\"alignnone  wp-image-139\" alt=\"kuca3\" src=\"https:\/\/villalika.com\/wp-content\/uploads\/2014\/02\/kuca3-300x200.jpg\" width=\"230\" height=\"160\" \/><\/a><a href=\"https:\/\/villalika.com\/wp-content\/uploads\/2014\/02\/drva.jpg\"><img loading=\"lazy\" class=\"alignnone  wp-image-154\" alt=\"drva\" src=\"https:\/\/villalika.com\/wp-content\/uploads\/2014\/02\/drva-300x200.jpg\" width=\"230\" height=\"160\" \/><\/a> <a href=\"https:\/\/villalika.com\/wp-content\/uploads\/2014\/02\/cvijet.jpg\"><img loading=\"lazy\" class=\"alignnone  wp-image-155\" alt=\"cvijet\" src=\"https:\/\/villalika.com\/wp-content\/uploads\/2014\/02\/cvijet-300x199.jpg\" width=\"230\" height=\"160\" \/><\/a><a href=\"https:\/\/villalika.com\/wp-content\/uploads\/2014\/02\/suma-lika2_2.jpg\"><img loading=\"lazy\" class=\"alignnone  wp-image-183\" alt=\"suma lika2_2\" src=\"https:\/\/villalika.com\/wp-content\/uploads\/2014\/02\/suma-lika2_2.jpg\" width=\"230\" height=\"160\" \/><\/a> <a href=\"https:\/\/villalika.com\/wp-content\/uploads\/2014\/02\/srna2.jpg\"><img loading=\"lazy\" class=\"alignnone  wp-image-182\" alt=\"srna2\" src=\"https:\/\/villalika.com\/wp-content\/uploads\/2014\/02\/srna2.jpg\" width=\"230\" height=\"160\" \/><\/a> <a href=\"https:\/\/villalika.com\/wp-content\/uploads\/2014\/02\/lika2_2.jpg\"><img loading=\"lazy\" class=\"alignnone  wp-image-181\" alt=\"lika2_2\" src=\"https:\/\/villalika.com\/wp-content\/uploads\/2014\/02\/lika2_2.jpg\" width=\"230\" height=\"160\" \/><\/a> <img loading=\"lazy\" class=\"alignnone  wp-image-180\" alt=\"donji lapac2\" src=\"https:\/\/villalika.com\/wp-content\/uploads\/2014\/02\/donji-lapac2-300x168.jpg\" width=\"230\" height=\"160\" \/><\/p>\n<p>&nbsp;<\/p>\n","protected":false},"excerpt":{"rendered":"<p>Villa Lika idealno je mjesto za odmor u prirodi i bijeg od stresa svakodnevnog \u017eivota. Miris prirode, oslu\u0161kivanje vjetra koji prolazi kroz granje i razgovor ptica, svje\u017e zrak i nebo puno zvijezda je sve ono \u0161to nam nedostaje u na\u0161im &hellip; <a href=\"https:\/\/villalika.com\/\">Continue reading <span class=\"meta-nav\">&rarr;<\/span><\/a><\/p>\n","protected":false},"author":1,"featured_media":0,"parent":0,"menu_order":0,"comment_status":"closed","ping_status":"closed","template":"onecolumn-page.php","meta":[],"_links":{"self":[{"href":"https:\/\/villalika.com\/index.php?rest_route=\/wp\/v2\/pages\/7"}],"collection":[{"href":"https:\/\/villalika.com\/index.php?rest_route=\/wp\/v2\/pages"}],"about":[{"href":"https:\/\/villalika.com\/index.php?rest_route=\/wp\/v2\/types\/page"}],"author":[{"embeddable":true,"href":"https:\/\/villalika.com\/index.php?rest_route=\/wp\/v2\/users\/1"}],"replies":[{"embeddable":true,"href":"https:\/\/villalika.com\/index.php?rest_route=%2Fwp%2Fv2%2Fcomments&post=7"}],"version-history":[{"count":41,"href":"https:\/\/villalika.com\/index.php?rest_route=\/wp\/v2\/pages\/7\/revisions"}],"predecessor-version":[{"id":325,"href":"https:\/\/villalika.com\/index.php?rest_route=\/wp\/v2\/pages\/7\/revisions\/325"}],"wp:attachment":[{"href":"https:\/\/villalika.com\/index.php?rest_route=%2Fwp%2Fv2%2Fmedia&parent=7"}],"curies":[{"name":"wp","href":"https:\/\/api.w.org\/{rel}","templated":true}]}}